{"id":790,"date":"2018-11-09T12:39:02","date_gmt":"2018-11-09T09:39:02","guid":{"rendered":"http:\/\/normist.org\/tr\/?page_id=790"},"modified":"2018-12-25T11:12:27","modified_gmt":"2018-12-25T08:12:27","slug":"yurtici-bayilerimiz","status":"publish","type":"page","link":"https:\/\/normist.org\/tr\/yurtici-bayilerimiz\/","title":{"rendered":"Yurti\u00e7i Bayilerimiz"},"content":{"rendered":"<p>[vc_row parallax_speed=&#8221;4&#8243; parallax_x=&#8221;4&#8243; parallax_y=&#8221;4&#8243; css=&#8221;.vc_custom_1425054940596{margin-bottom: 0px !important;}&#8221;][vc_column][vc_gallery type=&#8221;image_grid&#8221; images=&#8221;793&#8243; img_size=&#8221;full&#8221; onclick=&#8221;&#8221;][vc_empty_space height=&#8221;42px&#8221;][\/vc_column][\/vc_row][vc_row][vc_column][vc_custom_heading text=&#8221;T\u00fcrkiye Genel Distrib\u00fct\u00f6r\u00fc&#8221; font_container=&#8221;tag:h2|font_size:36|text_align:center&#8221; use_theme_fonts=&#8221;yes&#8221;][\/vc_column][\/vc_row][vc_row][vc_column][vc_separator border_width=&#8221;3&#8243;][vc_empty_space][\/vc_column][\/vc_row][vc_row][vc_column][vc_column_text]<\/p>\n<div id=\"sp-message-area\" class=\"span12\">\n<section id=\"sp-component-area-wrapper\" class=\" \">\n<div id=\"component-area\" class=\"row-fluid\">\n<div id=\"sp-component-area\" class=\"span12\">\n<section id=\"sp-component-wrapper\">\n<div id=\"sp-component\">\n<article class=\"item-page post-106 post hentry status-publish category-normist \">\n<section class=\"entry-content\">\n<h5 style=\"text-align: center;\"><strong>MEGAM\u0130ST \u0130KL\u0130MLEND\u0130RME S\u0130STEMLER\u0130<\/strong><br \/>\nME-GA M\u00dcHEND\u0130SL\u0130K SAN. VE T\u0130C. \u015eT\u0130.<br \/>\nYe\u015filtepe Mahallesi 52. Sokak No: 14<br \/>\nZeytinburnu &#8211; \u0130stanbul \/ T\u00dcRK\u0130YE<br \/>\nTel : 0212 546 55 46<br \/>\nFax : 0212 546 55 05<br \/>\nwww.megamist.com.tr<br \/>\n<a href=\"mailto:info@megamist.com.tr\">info@megamist.com.tr<\/a><\/h5>\n<\/section>\n<\/article>\n<\/div>\n<\/section>\n<\/div>\n<\/div>\n<\/section>\n<\/div>\n<p>[\/vc_column_text][\/vc_column][\/vc_row][vc_row][vc_column][vc_empty_space height=&#8221;50px&#8221;][\/vc_column][\/vc_row]<\/p>\n","protected":false},"excerpt":{"rendered":"<p>[vc_row parallax_speed=&#8221;4&#8243; parallax_x=&#8221;4&#8243; parallax_y=&#8221;4&#8243; css=&#8221;.vc_custom_1425054940596{margin-bottom: 0px !important;}&#8221;][vc_column][vc_gallery type=&#8221;image_grid&#8221; images=&#8221;793&#8243; img_size=&#8221;full&#8221; onclick=&#8221;&#8221;][vc_empty_space height=&#8221;42px&#8221;][\/vc_column][\/vc_row][vc_row][vc_column][vc_custom_heading text=&#8221;T\u00fcrkiye Genel Distrib\u00fct\u00f6r\u00fc&#8221; font_container=&#8221;tag:h2|font_size:36|text_align:center&#8221; use_theme_fonts=&#8221;yes&#8221;][\/vc_column][\/vc_row][vc_row][vc_column][vc_separator border_width=&#8221;3&#8243;][vc_empty_space][\/vc_column][\/vc_row][vc_row][vc_column][vc_column_text] MEGAM\u0130ST \u0130KL\u0130MLEND\u0130RME S\u0130STEMLER\u0130 ME-GA M\u00dcHEND\u0130SL\u0130K SAN. VE T\u0130C. \u015eT\u0130. Ye\u015filtepe Mahallesi 52. Sokak No: 14 Zeytinburnu &#8211; \u0130stanbul \/ T\u00dcRK\u0130YE Tel : 0212 546 55 46 Fax : 0212 546 55 05 www.megamist.com.tr info@megamist.com.tr [\/vc_column_text][\/vc_column][\/vc_row][vc_row][vc_column][vc_empty_space height=&#8221;50px&#8221;][\/vc_column][\/vc_row]<\/p>\n","protected":false},"author":2,"featured_media":0,"parent":0,"menu_order":0,"comment_status":"closed","ping_status":"closed","template":"","meta":[],"_links":{"self":[{"href":"https:\/\/normist.org\/tr\/wp-json\/wp\/v2\/pages\/790"}],"collection":[{"href":"https:\/\/normist.org\/tr\/wp-json\/wp\/v2\/pages"}],"about":[{"href":"https:\/\/normist.org\/tr\/wp-json\/wp\/v2\/types\/page"}],"author":[{"embeddable":true,"href":"https:\/\/normist.org\/tr\/wp-json\/wp\/v2\/users\/2"}],"replies":[{"embeddable":true,"href":"https:\/\/normist.org\/tr\/wp-json\/wp\/v2\/comments?post=790"}],"version-history":[{"count":3,"href":"https:\/\/normist.org\/tr\/wp-json\/wp\/v2\/pages\/790\/revisions"}],"predecessor-version":[{"id":792,"href":"https:\/\/normist.org\/tr\/wp-json\/wp\/v2\/pages\/790\/revisions\/792"}],"wp:attachment":[{"href":"https:\/\/normist.org\/tr\/wp-json\/wp\/v2\/media?parent=790"}],"curies":[{"name":"wp","href":"https:\/\/api.w.org\/{rel}","templated":true}]}}