{"id":778,"date":"2018-11-09T11:46:02","date_gmt":"2018-11-09T08:46:02","guid":{"rendered":"http:\/\/normist.org\/tr\/?page_id=778"},"modified":"2020-02-03T16:09:10","modified_gmt":"2020-02-03T13:09:10","slug":"yurtdisi-bayilerimiz","status":"publish","type":"page","link":"https:\/\/normist.org\/tr\/yurtdisi-bayilerimiz\/","title":{"rendered":"Yurtd\u0131\u015f\u0131 Bayilerimiz"},"content":{"rendered":"<p>[vc_row parallax_speed=&#8221;4&#8243; parallax_x=&#8221;4&#8243; parallax_y=&#8221;4&#8243; css=&#8221;.vc_custom_1425054940596{margin-bottom: 0px !important;}&#8221;][vc_column][vc_gallery type=&#8221;image_grid&#8221; images=&#8221;787&#8243; img_size=&#8221;full&#8221; onclick=&#8221;&#8221;][vc_empty_space height=&#8221;42px&#8221;][\/vc_column][\/vc_row][vc_row][vc_column][vc_separator border_width=&#8221;3&#8243;][\/vc_column][\/vc_row][vc_row][vc_column][vc_column_text]<\/p>\n<table width=\"572\">\n<tbody>\n<tr>\n<td width=\"195\">Avustralya<\/td>\n<td width=\"193\">Cool Mist<\/td>\n<td width=\"184\">892406464<\/td>\n<\/tr>\n<tr>\n<td width=\"195\">Avustralya<\/td>\n<td width=\"193\">POWERPLANTS<\/td>\n<td width=\"184\">+61 3 8795 7750<\/td>\n<\/tr>\n<tr>\n<td width=\"195\">Bulgaristan<\/td>\n<td width=\"193\">Bulmist EOOD<\/td>\n<td width=\"184\">894651744<\/td>\n<\/tr>\n<tr>\n<td width=\"195\">Bosna Hersek<\/td>\n<td width=\"193\">EMA DOO<\/td>\n<td width=\"184\">+385 1 455 2707<\/td>\n<\/tr>\n<tr>\n<td width=\"195\">\u015eili<\/td>\n<td width=\"193\">Cool Max Ltda<\/td>\n<td width=\"184\">-2183003<\/td>\n<\/tr>\n<tr>\n<td width=\"195\">H\u0131rvatistan<\/td>\n<td width=\"193\">Ema Doo<\/td>\n<td width=\"184\">38514552708<\/td>\n<\/tr>\n<tr>\n<td width=\"195\">Fransa<\/td>\n<td width=\"193\">D.M.D. La Maitrise de L&#8217;eau<\/td>\n<td width=\"184\">467584240<\/td>\n<\/tr>\n<tr>\n<td width=\"195\">Fransa<\/td>\n<td width=\"193\">CTH GROUPE<\/td>\n<td width=\"184\">+33 04 75 70 71 72<\/td>\n<\/tr>\n<tr>\n<td width=\"195\">Hong Kong<\/td>\n<td width=\"193\">Multitech Engineering<\/td>\n<td width=\"184\">85221785107<\/td>\n<\/tr>\n<tr>\n<td width=\"195\">Macaristan<\/td>\n<td width=\"193\">Masterkool<\/td>\n<td width=\"184\">+36 28417 420<\/td>\n<\/tr>\n<tr>\n<td width=\"195\">Hindistan<\/td>\n<td width=\"193\">Fam Technologies Private Limited.<\/td>\n<td width=\"184\">+91 9725502336<\/td>\n<\/tr>\n<tr>\n<td width=\"195\">\u0130ran<\/td>\n<td width=\"193\">Kar Va Andisheh Espadana Eng. Co<\/td>\n<td width=\"184\">3116698864<\/td>\n<\/tr>\n<tr>\n<td width=\"195\">Irak<\/td>\n<td width=\"193\">ZenMist Co. Mustafa Zenger &amp; Jovan Kaka<\/td>\n<td width=\"184\">+964.750.762 52 65<\/td>\n<\/tr>\n<tr>\n<td width=\"195\">Kosova<\/td>\n<td width=\"193\">Astrit Ibishi<\/td>\n<td width=\"184\">37744164461<\/td>\n<\/tr>\n<tr>\n<td width=\"195\">Kuveyt<\/td>\n<td width=\"193\">Arabi Company<\/td>\n<td width=\"184\">9654724058<\/td>\n<\/tr>\n<tr>\n<td width=\"195\">Makedonya<\/td>\n<td width=\"193\">Digital Sistemi<\/td>\n<td width=\"184\">38975273213<\/td>\n<\/tr>\n<tr>\n<td width=\"195\">Malta<\/td>\n<td width=\"193\">Eco Cool<\/td>\n<td width=\"184\">9906 0609 &#8211; Tel: 2144 0404<\/td>\n<\/tr>\n<tr>\n<td width=\"195\">Fas<\/td>\n<td width=\"193\">Jenna Sari<\/td>\n<td width=\"184\">2,12E+11<\/td>\n<\/tr>\n<tr>\n<td width=\"195\">Polonya<\/td>\n<td width=\"193\">AQUAMITECH POLSKA Sp. z o.o.<\/td>\n<td width=\"184\">TEL +48 61 6773800 &#8211; FAKS +48 61 6419930<\/td>\n<\/tr>\n<tr>\n<td width=\"195\">Romanya<\/td>\n<td width=\"193\">Wexa<\/td>\n<td width=\"184\">40257284009<\/td>\n<\/tr>\n<tr>\n<td width=\"195\">S\u0131rbistan<\/td>\n<td width=\"193\">Telckomelektro d.o.o.<\/td>\n<td width=\"184\">+381 21 421 411 +381 63 589 280<\/td>\n<\/tr>\n<tr>\n<td width=\"195\">Slovenya<\/td>\n<td width=\"193\">EMA DOO<\/td>\n<td width=\"184\">+385 1455 2707<\/td>\n<\/tr>\n<tr>\n<td width=\"195\">Sudan<\/td>\n<td width=\"193\">Hi Tech \u00ddnvestment<\/td>\n<td width=\"184\">2,50E+12<\/td>\n<\/tr>\n<tr>\n<td width=\"195\">G\u00fcney Afrika<\/td>\n<td width=\"193\">Dawn Mist<\/td>\n<td width=\"184\">27828574677<\/td>\n<\/tr>\n<tr>\n<td width=\"195\">\u0130spanya<\/td>\n<td width=\"193\">Cool Sensation<\/td>\n<td width=\"184\">2526113864<\/td>\n<\/tr>\n<tr>\n<td width=\"195\">\u0130spanya<\/td>\n<td width=\"193\">Humi Ambiante<\/td>\n<td width=\"184\">916343542<\/td>\n<\/tr>\n<tr>\n<td width=\"195\">Tunus<\/td>\n<td width=\"193\">Hydridis<\/td>\n<td width=\"184\">21671426869<\/td>\n<\/tr>\n<tr>\n<td width=\"195\">Amerika Birle\u015fik Devletleri<\/td>\n<td width=\"193\">Pumptec<\/td>\n<td width=\"184\">7632058343<\/td>\n<\/tr>\n<tr>\n<td width=\"195\">\u0130ngiltere<\/td>\n<td width=\"193\">Environmental Control<\/td>\n<td width=\"184\">+44 1299 827232<\/td>\n<\/tr>\n<tr>\n<td width=\"195\">\u0130ngiltere<\/td>\n<td width=\"193\">Best-Chem Limited<\/td>\n<td width=\"184\">+44 1384 402991<\/td>\n<\/tr>\n<tr>\n<td width=\"195\">\u0130rlanda<\/td>\n<td width=\"193\">System Limited<\/td>\n<td width=\"184\"><\/td>\n<\/tr>\n<tr>\n<td width=\"195\">Amerika Birle\u015fik Devletleri<\/td>\n<td width=\"193\">Aeromist<\/td>\n<td width=\"184\">-4942<\/td>\n<\/tr>\n<tr>\n<td width=\"195\">Almanya<\/td>\n<td width=\"193\">Pall Bullermann<\/td>\n<td width=\"184\">+49(0) 4496-9252-53<\/td>\n<\/tr>\n<tr>\n<td width=\"195\">G\u00fcrcistan<\/td>\n<td width=\"193\">KLIMASTUDIO\u201d L.T.D<\/td>\n<td width=\"184\">+995 322945 455<\/td>\n<\/tr>\n<tr>\n<td width=\"195\">Kosova<\/td>\n<td width=\"193\">Ecofresh SH.P.K<\/td>\n<td width=\"184\">37744164461<\/td>\n<\/tr>\n<tr>\n<td width=\"195\">Arnavutluk<\/td>\n<td width=\"193\">Ecofresh SH.P.K<\/td>\n<td width=\"184\">38649387449<\/td>\n<\/tr>\n<tr>\n<td width=\"195\">Yunanistan<\/td>\n<td width=\"193\">GreenTech Trading &amp; Consulting Co.LTD<\/td>\n<td width=\"184\">+30 2106035150<\/td>\n<\/tr>\n<\/tbody>\n<\/table>\n<p>[\/vc_column_text][\/vc_column][\/vc_row][vc_row][vc_column][vc_empty_space height=&#8221;50px&#8221;][\/vc_column][\/vc_row]<\/p>\n","protected":false},"excerpt":{"rendered":"<p>[vc_row parallax_speed=&#8221;4&#8243; parallax_x=&#8221;4&#8243; parallax_y=&#8221;4&#8243; css=&#8221;.vc_custom_1425054940596{margin-bottom: 0px !important;}&#8221;][vc_column][vc_gallery type=&#8221;image_grid&#8221; images=&#8221;787&#8243; img_size=&#8221;full&#8221; onclick=&#8221;&#8221;][vc_empty_space height=&#8221;42px&#8221;][\/vc_column][\/vc_row][vc_row][vc_column][vc_separator border_width=&#8221;3&#8243;][\/vc_column][\/vc_row][vc_row][vc_column][vc_column_text] Avustralya Cool Mist 892406464 Avustralya POWERPLANTS +61 3 8795 7750 Bulgaristan Bulmist EOOD 894651744 Bosna Hersek EMA DOO +385 1 455 2707 \u015eili Cool Max Ltda -2183003 H\u0131rvatistan Ema Doo 38514552708 Fransa D.M.D. La Maitrise de L&#8217;eau 467584240 Fransa CTH GROUPE +33 [&hellip;]<\/p>\n","protected":false},"author":2,"featured_media":0,"parent":0,"menu_order":0,"comment_status":"closed","ping_status":"closed","template":"","meta":[],"_links":{"self":[{"href":"https:\/\/normist.org\/tr\/wp-json\/wp\/v2\/pages\/778"}],"collection":[{"href":"https:\/\/normist.org\/tr\/wp-json\/wp\/v2\/pages"}],"about":[{"href":"https:\/\/normist.org\/tr\/wp-json\/wp\/v2\/types\/page"}],"author":[{"embeddable":true,"href":"https:\/\/normist.org\/tr\/wp-json\/wp\/v2\/users\/2"}],"replies":[{"embeddable":true,"href":"https:\/\/normist.org\/tr\/wp-json\/wp\/v2\/comments?post=778"}],"version-history":[{"count":10,"href":"https:\/\/normist.org\/tr\/wp-json\/wp\/v2\/pages\/778\/revisions"}],"predecessor-version":[{"id":1139,"href":"https:\/\/normist.org\/tr\/wp-json\/wp\/v2\/pages\/778\/revisions\/1139"}],"wp:attachment":[{"href":"https:\/\/normist.org\/tr\/wp-json\/wp\/v2\/media?parent=778"}],"curies":[{"name":"wp","href":"https:\/\/api.w.org\/{rel}","templated":true}]}}