{"id":771,"date":"2018-11-09T11:25:55","date_gmt":"2018-11-09T08:25:55","guid":{"rendered":"http:\/\/normist.org\/tr\/?page_id=771"},"modified":"2018-12-25T11:11:18","modified_gmt":"2018-12-25T08:11:18","slug":"bayilerimiz","status":"publish","type":"page","link":"https:\/\/normist.org\/tr\/bayilerimiz\/","title":{"rendered":"Bayilerimiz"},"content":{"rendered":"<p>[vc_row][vc_column width=&#8221;1\/2&#8243;][vc_single_image image=&#8221;774&#8243; img_size=&#8221;full&#8221; onclick=&#8221;custom_link&#8221; img_link_target=&#8221;_blank&#8221; css_animation=&#8221;fadeIn&#8221; link=&#8221;http:\/\/normist.org\/tr\/yurtdisi-bayilerimiz\/&#8221;][vc_custom_heading text=&#8221;Yurtd\u0131\u015f\u0131 Bayilerimiz&#8221; font_container=&#8221;tag:h2|font_size:22|text_align:center&#8221; use_theme_fonts=&#8221;yes&#8221; link=&#8221;url:http%3A%2F%2Fnormist.org\/tr%2Fyurtdisi-bayilerimiz%2F||target:%20_blank|&#8221;][\/vc_column][vc_column width=&#8221;1\/2&#8243;][vc_single_image image=&#8221;775&#8243; img_size=&#8221;full&#8221; onclick=&#8221;custom_link&#8221; img_link_target=&#8221;_blank&#8221; css_animation=&#8221;fadeIn&#8221; link=&#8221;http:\/\/normist.org\/tr\/yurtici-bayilerimiz\/&#8221;][vc_custom_heading text=&#8221;Yurti\u00e7i Bayilerimiz&#8221; font_container=&#8221;tag:h2|font_size:22|text_align:center&#8221; use_theme_fonts=&#8221;yes&#8221; link=&#8221;url:http%3A%2F%2Fnormist.org\/tr%2Fyurtici-bayilerimiz%2F||target:%20_blank|&#8221;][\/vc_column][\/vc_row][vc_row][vc_column][vc_empty_space][\/vc_column][\/vc_row][vc_row][vc_column][vc_separator border_width=&#8221;4&#8243;][\/vc_column][\/vc_row][vc_row][vc_column][vc_empty_space][\/vc_column][\/vc_row]<\/p>\n","protected":false},"excerpt":{"rendered":"<p>[vc_row][vc_column width=&#8221;1\/2&#8243;][vc_single_image image=&#8221;774&#8243; img_size=&#8221;full&#8221; onclick=&#8221;custom_link&#8221; img_link_target=&#8221;_blank&#8221; css_animation=&#8221;fadeIn&#8221; link=&#8221;http:\/\/normist.org\/tr\/yurtdisi-bayilerimiz\/&#8221;][vc_custom_heading text=&#8221;Yurtd\u0131\u015f\u0131 Bayilerimiz&#8221; font_container=&#8221;tag:h2|font_size:22|text_align:center&#8221; use_theme_fonts=&#8221;yes&#8221; link=&#8221;url:http%3A%2F%2Fnormist.org\/tr%2Fyurtdisi-bayilerimiz%2F||target:%20_blank|&#8221;][\/vc_column][vc_column width=&#8221;1\/2&#8243;][vc_single_image image=&#8221;775&#8243; img_size=&#8221;full&#8221; onclick=&#8221;custom_link&#8221; img_link_target=&#8221;_blank&#8221; css_animation=&#8221;fadeIn&#8221; link=&#8221;http:\/\/normist.org\/tr\/yurtici-bayilerimiz\/&#8221;][vc_custom_heading text=&#8221;Yurti\u00e7i Bayilerimiz&#8221; font_container=&#8221;tag:h2|font_size:22|text_align:center&#8221; use_theme_fonts=&#8221;yes&#8221; link=&#8221;url:http%3A%2F%2Fnormist.org\/tr%2Fyurtici-bayilerimiz%2F||target:%20_blank|&#8221;][\/vc_column][\/vc_row][vc_row][vc_column][vc_empty_space][\/vc_column][\/vc_row][vc_row][vc_column][vc_separator border_width=&#8221;4&#8243;][\/vc_column][\/vc_row][vc_row][vc_column][vc_empty_space][\/vc_column][\/vc_row]<\/p>\n","protected":false},"author":2,"featured_media":0,"parent":0,"menu_order":0,"comment_status":"closed","ping_status":"closed","template":"","meta":[],"_links":{"self":[{"href":"https:\/\/normist.org\/tr\/wp-json\/wp\/v2\/pages\/771"}],"collection":[{"href":"https:\/\/normist.org\/tr\/wp-json\/wp\/v2\/pages"}],"about":[{"href":"https:\/\/normist.org\/tr\/wp-json\/wp\/v2\/types\/page"}],"author":[{"embeddable":true,"href":"https:\/\/normist.org\/tr\/wp-json\/wp\/v2\/users\/2"}],"replies":[{"embeddable":true,"href":"https:\/\/normist.org\/tr\/wp-json\/wp\/v2\/comments?post=771"}],"version-history":[{"count":6,"href":"https:\/\/normist.org\/tr\/wp-json\/wp\/v2\/pages\/771\/revisions"}],"predecessor-version":[{"id":994,"href":"https:\/\/normist.org\/tr\/wp-json\/wp\/v2\/pages\/771\/revisions\/994"}],"wp:attachment":[{"href":"https:\/\/normist.org\/tr\/wp-json\/wp\/v2\/media?parent=771"}],"curies":[{"name":"wp","href":"https:\/\/api.w.org\/{rel}","templated":true}]}}