{"id":75,"date":"2015-02-24T09:28:08","date_gmt":"2015-02-24T09:28:08","guid":{"rendered":"http:\/\/normist.org\/tr\/?page_id=75"},"modified":"2023-07-17T12:04:37","modified_gmt":"2023-07-17T09:04:37","slug":"iletisim","status":"publish","type":"page","link":"https:\/\/normist.org\/tr\/iletisim\/","title":{"rendered":"\u0130leti\u015fim"},"content":{"rendered":"<p>[vc_row width_100=&#8221;yes&#8221; parallax_speed=&#8221;4&#8243; parallax_x=&#8221;4&#8243; parallax_y=&#8221;4&#8243; css=&#8221;.vc_custom_1545641014219{padding-top: 150px !important;}&#8221;][vc_column][vc_gmaps link=&#8221;#E-8_JTNDaWZyYW1lJTIwc3JjJTNEJTIyaHR0cHMlM0ElMkYlMkZ3d3cuZ29vZ2xlLmNvbSUyRm1hcHMlMkZlbWJlZCUzRnBiJTNEJTIxMW0xOCUyMTFtMTIlMjExbTMlMjExZDE4OC4xODE1OTMyMjI2NDg3JTIxMmQyOS4xNzA0NDIyNjg1MjEyODUlMjEzZDQxLjAwNTQ0MTcxMzg0NDIzNSUyMTJtMyUyMTFmMCUyMTJmMCUyMTNmMCUyMTNtMiUyMTFpMTAyNCUyMTJpNzY4JTIxNGYxMy4xJTIxM20zJTIxMW0yJTIxMXMweDE0Y2FjNDBiZTUyMzMzMTElMjUzQTB4OWNkZWI1YTZhZTc3YmU0JTIxMnNOb3IlMkJFbGVrdHJvbmlrJTIxNWUwJTIxM20yJTIxMXN0ciUyMTJzdHIlMjE0djE1NDIwOTEzODM1NzYlMjIlMjB3aWR0aCUzRCUyMjYwMCUyMiUyMGhlaWdodCUzRCUyMjQ1MCUyMiUyMGZyYW1lYm9yZGVyJTNEJTIyMCUyMiUyMHN0eWxlJTNEJTIyYm9yZGVyJTNBMCUyMiUyMGFsbG93ZnVsbHNjcmVlbiUzRSUzQyUyRmlmcmFtZSUzRQ==&#8221; size=&#8221;400&#8243;][\/vc_column][\/vc_row][vc_row parallax_speed=&#8221;4&#8243; parallax_x=&#8221;4&#8243; parallax_y=&#8221;4&#8243; el_class=&#8221;quick-form&#8221; css=&#8221;.vc_custom_1426047958855{padding-top: 50px !important;padding-bottom: 50px !important;}&#8221;][vc_column width=&#8221;1\/3&#8243; css=&#8221;.vc_custom_1425981967625{background-position: center !important;background-repeat: no-repeat !important;background-size: contain !important;}&#8221;][vc_single_image image=&#8221;735&#8243; img_size=&#8221;350&#215;200&#8243;][vc_empty_space height=&#8221;10px&#8221;][\/vc_column][vc_column width=&#8221;1\/3&#8243;][vc_column_text css=&#8221;.vc_custom_1542017115569{background-image: url(http:\/\/normist.org\/tr\/wp-content\/uploads\/2015\/02\/map-background2.png?id=358) !important;background-position: center !important;background-repeat: no-repeat !important;background-size: contain !important;}&#8221; el_class=&#8221;custom-map&#8221;]<\/p>\n<h3>Ofis Adresi<\/h3>\n<div id=\"sp-middle-l\" class=\"span12\">\n<div class=\"module title2\">\n<div class=\"mod-wrapper clearfix\">\n<div class=\"mod-content clearfix\">\n<div class=\"mod-inner clearfix\">\n<div class=\"customtitle2\">\n<div id=\"ROW_ID\" class=\"row-fluid ROW_CLASS\">\n<div class=\" span3\">\n<div class=\"hi-icon-wrap\">\n<p>Esen\u015fehir Mah. \u0130lkyaz Sok. No: 85 P.K. 34776 \u00dcmraniye \/ Dudullu \/ \u0130stanbul<\/p>\n<\/div>\n<\/div>\n<\/div>\n<\/div>\n<\/div>\n<\/div>\n<\/div>\n<\/div>\n<\/div>\n<p><i class=\"fa fa-phone\" style=\"margin-right: 12px;\"><\/i>Tel: 0216 370 68 11<br \/>\n<i class=\"fa fa-phone\" style=\"margin-right: 12px;\"><\/i> Fax: 0216 370 70 67<br \/>\n<i class=\"fa fa-envelope-o\" style=\"margin-right: 10px;\"><\/i> info@normist-tr.com<br \/>\n<i class=\"fa fa-calendar\" style=\"margin-right: 12px;\"><\/i> Pazartesi &#8211; Cuma: 8:00 &#8211; 18:00<br \/>\n<span style=\"margin-left: 28px;\">H.sonu: Kapal\u0131<\/span>[\/vc_column_text][\/vc_column][vc_column width=&#8221;1\/3&#8243;][vc_column_text]<\/p>\n<div id=\"sp-message-area\" class=\"span12\">\n<section id=\"sp-component-area-wrapper\" class=\" \">\n<div id=\"component-area\" class=\"row-fluid\">\n<div id=\"sp-component-area\" class=\"span12\">\n<section id=\"sp-component-wrapper\">\n<div id=\"sp-component\">\n<article class=\"item-page post-92 post hentry status-publish category-about \">\n<section class=\"entry-content\">\n<div id=\"ROW_ID\" class=\"row-fluid ROW_CLASS\">\n<div class=\" span6\">\n<p>1974 y\u0131l\u0131nda kurulan Nor Elektronik Sanayi ve Ticaret \u015firketi, kurulu\u015fundan bu yana y\u00fcksek teknoloji ve hassas i\u015fleme teknikleri \u00fczerine yo\u011funla\u015fm\u0131\u015f havac\u0131l\u0131k, uzay ve savunma sanayisine uzun y\u0131llar hizmet etmi\u015ftir&#8230;<\/p>\n<\/div>\n<\/div>\n<\/section>\n<\/article>\n<\/div>\n<\/section>\n<\/div>\n<\/div>\n<\/section>\n<\/div>\n<p>[\/vc_column_text][vc_button title=&#8221;E-katalog&#8221; color=&#8221;btn-info&#8221; icon=&#8221;wpb_document_pdf&#8221; href=&#8221;http:\/\/normist.org\/tr\/kataloglar\/Normist\/&#8221;][\/vc_column][\/vc_row]<\/p>\n","protected":false},"excerpt":{"rendered":"<p>[vc_row width_100=&#8221;yes&#8221; parallax_speed=&#8221;4&#8243; parallax_x=&#8221;4&#8243; parallax_y=&#8221;4&#8243; css=&#8221;.vc_custom_1545641014219{padding-top: 150px !important;}&#8221;][vc_column][vc_gmaps link=&#8221;#E-8_JTNDaWZyYW1lJTIwc3JjJTNEJTIyaHR0cHMlM0ElMkYlMkZ3d3cuZ29vZ2xlLmNvbSUyRm1hcHMlMkZlbWJlZCUzRnBiJTNEJTIxMW0xOCUyMTFtMTIlMjExbTMlMjExZDE4OC4xODE1OTMyMjI2NDg3JTIxMmQyOS4xNzA0NDIyNjg1MjEyODUlMjEzZDQxLjAwNTQ0MTcxMzg0NDIzNSUyMTJtMyUyMTFmMCUyMTJmMCUyMTNmMCUyMTNtMiUyMTFpMTAyNCUyMTJpNzY4JTIxNGYxMy4xJTIxM20zJTIxMW0yJTIxMXMweDE0Y2FjNDBiZTUyMzMzMTElMjUzQTB4OWNkZWI1YTZhZTc3YmU0JTIxMnNOb3IlMkJFbGVrdHJvbmlrJTIxNWUwJTIxM20yJTIxMXN0ciUyMTJzdHIlMjE0djE1NDIwOTEzODM1NzYlMjIlMjB3aWR0aCUzRCUyMjYwMCUyMiUyMGhlaWdodCUzRCUyMjQ1MCUyMiUyMGZyYW1lYm9yZGVyJTNEJTIyMCUyMiUyMHN0eWxlJTNEJTIyYm9yZGVyJTNBMCUyMiUyMGFsbG93ZnVsbHNjcmVlbiUzRSUzQyUyRmlmcmFtZSUzRQ==&#8221; size=&#8221;400&#8243;][\/vc_column][\/vc_row][vc_row parallax_speed=&#8221;4&#8243; parallax_x=&#8221;4&#8243; parallax_y=&#8221;4&#8243; el_class=&#8221;quick-form&#8221; css=&#8221;.vc_custom_1426047958855{padding-top: 50px !important;padding-bottom: 50px !important;}&#8221;][vc_column width=&#8221;1\/3&#8243; css=&#8221;.vc_custom_1425981967625{background-position: center !important;background-repeat: no-repeat !important;background-size: contain !important;}&#8221;][vc_single_image image=&#8221;735&#8243; img_size=&#8221;350&#215;200&#8243;][vc_empty_space height=&#8221;10px&#8221;][\/vc_column][vc_column width=&#8221;1\/3&#8243;][vc_column_text css=&#8221;.vc_custom_1542017115569{background-image: url(http:\/\/normist.org\/tr\/wp-content\/uploads\/2015\/02\/map-background2.png?id=358) !important;background-position: center !important;background-repeat: no-repeat !important;background-size: contain !important;}&#8221; el_class=&#8221;custom-map&#8221;] Ofis Adresi Esen\u015fehir Mah. \u0130lkyaz Sok. No: 85 P.K. 34776 \u00dcmraniye \/ Dudullu \/ [&hellip;]<\/p>\n","protected":false},"author":1,"featured_media":0,"parent":0,"menu_order":0,"comment_status":"open","ping_status":"open","template":"templates\/page-fullwidth.php","meta":[],"_links":{"self":[{"href":"https:\/\/normist.org\/tr\/wp-json\/wp\/v2\/pages\/75"}],"collection":[{"href":"https:\/\/normist.org\/tr\/wp-json\/wp\/v2\/pages"}],"about":[{"href":"https:\/\/normist.org\/tr\/wp-json\/wp\/v2\/types\/page"}],"author":[{"embeddable":true,"href":"https:\/\/normist.org\/tr\/wp-json\/wp\/v2\/users\/1"}],"replies":[{"embeddable":true,"href":"https:\/\/normist.org\/tr\/wp-json\/wp\/v2\/comments?post=75"}],"version-history":[{"count":7,"href":"https:\/\/normist.org\/tr\/wp-json\/wp\/v2\/pages\/75\/revisions"}],"predecessor-version":[{"id":1254,"href":"https:\/\/normist.org\/tr\/wp-json\/wp\/v2\/pages\/75\/revisions\/1254"}],"wp:attachment":[{"href":"https:\/\/normist.org\/tr\/wp-json\/wp\/v2\/media?parent=75"}],"curies":[{"name":"wp","href":"https:\/\/api.w.org\/{rel}","templated":true}]}}