{"id":73,"date":"2015-02-24T09:27:40","date_gmt":"2015-02-24T09:27:40","guid":{"rendered":"http:\/\/normist.org\/tr\/?page_id=73"},"modified":"2018-12-25T11:17:43","modified_gmt":"2018-12-25T08:17:43","slug":"hakkimizda","status":"publish","type":"page","link":"https:\/\/normist.org\/tr\/hakkimizda\/","title":{"rendered":"Hakk\u0131m\u0131zda"},"content":{"rendered":"<p>[vc_row parallax_speed=&#8221;4&#8243; parallax_x=&#8221;4&#8243; parallax_y=&#8221;4&#8243; css=&#8221;.vc_custom_1545729458595{margin-bottom: 50px !important;padding-top: 10px !important;}&#8221;][vc_column width=&#8221;1\/2&#8243;][vc_empty_space height=&#8221;20px&#8221;][vc_gallery type=&#8221;flexslider_slide&#8221; interval=&#8221;3&#8243; images=&#8221;735,823,819,820,822&#8243; img_size=&#8221;540&#215;348&#8243; onclick=&#8221;&#8221;][\/vc_column][vc_column width=&#8221;1\/2&#8243;][vc_custom_heading text=&#8221;Firma Profili&#8221; font_container=&#8221;tag:h2|font_size:24|text_align:left&#8221; use_theme_fonts=&#8221;yes&#8221;][vc_empty_space height=&#8221;10px&#8221;][vc_column_text]<\/p>\n<p style=\"margin-top: 0px; text-align: justify;\">1974 y\u0131l\u0131nda kurulan Nor Elektronik Sanayi ve Ticaret \u015firketi, kurulu\u015fundan bu yana y\u00fcksek teknoloji ve hassas i\u015fleme teknikleri \u00fczerine yo\u011funla\u015fm\u0131\u015f havac\u0131l\u0131k, uzay ve savunma sanayisine uzun y\u0131llar hizmet etmi\u015ftir. 2000 y\u0131l\u0131nda ise sisleme sistemlerinin \u00fcretimi konusunda yat\u0131r\u0131m karar\u0131 alm\u0131\u015ft\u0131r. O y\u0131ldan bu yana yetkin teknik kadrosu, tasar\u0131m birikimi, hassas i\u015fleme deneyimi Japon ve \u0130svi\u00e7re men\u015feili tezgahlar\u0131 ile d\u00fcnyan\u0131n en kaliteli sisleme memelerini \u00fcreterek D\u00fcnya pazar\u0131nda hakl\u0131 bir \u00fcn kazanm\u0131\u015ft\u0131r. Sisleme sistemleri i\u00e7in gerekli pompalar haricinde t\u00fcm \u00fcr\u00fcn yelpazemiz i\u015fletmemizde \u00fcretilmektedir. Nor Elektronik\u2019in yenilik\u00e7i yakla\u015f\u0131m\u0131, seralarda kullan\u0131lan paslanmaz borulara kaynak yap\u0131lmas\u0131 yerine h\u0131zl\u0131 kuruluma imkan veren patentli Normatic\u00ae ba\u011flant\u0131 elemanlar\u0131n\u0131 geli\u015ftirmesini sa\u011flam\u0131\u015ft\u0131r. Zaman\u0131nda ve h\u0131zl\u0131 \u00fcr\u00fcn teslimat\u0131yla birlikte %100 m\u00fc\u015fteri memmuniyetini ama\u00e7layan firmam\u0131z\u0131n \u00fcr\u00fcnleri 76 \u00fclkeye ihra\u00e7 edilmekte olup, yurti\u00e7i ve yurtd\u0131\u015f\u0131 yayg\u0131n distrib\u00fct\u00f6r a\u011f\u0131m\u0131z mevcuttur.<\/p>\n<p>[\/vc_column_text][vc_empty_space height=&#8221;20px&#8221;][\/vc_column][\/vc_row][vc_row parallax_speed=&#8221;4&#8243; parallax_x=&#8221;4&#8243; parallax_y=&#8221;4&#8243; css=&#8221;.vc_custom_1542115060712{padding-top: 40px !important;padding-bottom: 40px !important;background-image: url(http:\/\/normist.org\/tr\/wp-content\/uploads\/2015\/02\/debut_light.png?id=391) !important;}&#8221;][vc_column width=&#8221;1\/4&#8243;][vc_hoverbox image=&#8221;704&#8243; primary_title=&#8221;&#8221; hover_title=&#8221;Ba\u011flant\u0131 Elemanlar\u0131&#8221; hover_background_color=&#8221;turquoise&#8221; hover_btn_title=&#8221;Devam\u0131n\u0131 G\u00f6r&#8221; hover_add_button=&#8221;true&#8221; hover_btn_link=&#8221;url:http%3A%2F%2Fnormist.org\/tr%2Fbaglanti-elemanlari%2F||target:%20_blank|&#8221;][\/vc_hoverbox][vc_empty_space height=&#8221;12px&#8221;][vc_hoverbox image=&#8221;708&#8243; primary_title=&#8221;&#8221; hover_title=&#8221;Hidrolik Hortumlar&#8221; hover_background_color=&#8221;green&#8221; hover_btn_title=&#8221;Devam\u0131n\u0131 G\u00f6r&#8221; hover_add_button=&#8221;true&#8221; hover_btn_link=&#8221;url:http%3A%2F%2Fnormist.org\/tr%2Fkataloglar%2Fhidrolikhortumlar%2F||target:%20_blank|&#8221;][\/vc_hoverbox][\/vc_column][vc_column width=&#8221;1\/4&#8243;][vc_hoverbox image=&#8221;705&#8243; primary_title=&#8221;&#8221; hover_title=&#8221;Pompalar&#8221; hover_background_color=&#8221;chino&#8221; hover_btn_title=&#8221;Devam\u0131n\u0131 G\u00f6r&#8221; hover_add_button=&#8221;true&#8221; hover_btn_link=&#8221;url:http%3A%2F%2Fnormist.org\/tr%2Fkataloglar%2FPompalar%2F||target:%20_blank|&#8221;][\/vc_hoverbox][vc_empty_space height=&#8221;12px&#8221;][vc_hoverbox image=&#8221;712&#8243; primary_title=&#8221;&#8221; hover_title=&#8221;Kontrol Panolar\u0131&#8221; hover_background_color=&#8221;sandy-brown&#8221; hover_btn_title=&#8221;Devam\u0131n\u0131 G\u00f6r&#8221; hover_add_button=&#8221;true&#8221; hover_btn_link=&#8221;url:http%3A%2F%2Fnormist.org\/tr%2Fkataloglar%2Fkontrolpanolari%2F||target:%20_blank|&#8221;][\/vc_hoverbox][\/vc_column][vc_column width=&#8221;1\/4&#8243;][vc_hoverbox image=&#8221;706&#8243; primary_title=&#8221;&#8221; hover_title=&#8221;Memeler&#8221; hover_background_color=&#8221;orange&#8221; hover_btn_title=&#8221;Devam\u0131n\u0131 G\u00f6r&#8221; hover_add_button=&#8221;true&#8221; hover_btn_link=&#8221;url:http%3A%2F%2Fnormist.org\/tr%2Fkataloglar%2Fmemeler%2F||target:%20_blank|&#8221;][\/vc_hoverbox][vc_empty_space height=&#8221;12px&#8221;][vc_hoverbox image=&#8221;845&#8243; primary_title=&#8221;&#8221; hover_title=&#8221;Borular&#8221; hover_background_color=&#8221;purple&#8221; hover_btn_title=&#8221;Devam\u0131n\u0131 G\u00f6r&#8221; hover_add_button=&#8221;true&#8221; hover_btn_link=&#8221;url:http%3A%2F%2Fnormist.org\/tr%2Fborular%2F||target:%20_blank|&#8221;][\/vc_hoverbox][\/vc_column][vc_column width=&#8221;1\/4&#8243;][vc_hoverbox image=&#8221;709&#8243; primary_title=&#8221;&#8221; hover_title=&#8221;Filtreler&#8221; hover_background_color=&#8221;sky&#8221; hover_btn_title=&#8221;Devam\u0131n\u0131 G\u00f6r&#8221; hover_add_button=&#8221;true&#8221; hover_btn_link=&#8221;url:http%3A%2F%2Fnormist.org\/tr%2Fkataloglar%2Ffiltreler%2F||target:%20_blank|&#8221;][\/vc_hoverbox][vc_empty_space height=&#8221;12px&#8221;][vc_hoverbox image=&#8221;716&#8243; primary_title=&#8221;&#8221; hover_title=&#8221;Kilps ve Akslar&#8221; hover_background_color=&#8221;mulled-wine&#8221; hover_btn_title=&#8221;Devam\u0131n\u0131 G\u00f6r&#8221; hover_add_button=&#8221;true&#8221; hover_btn_link=&#8221;url:http%3A%2F%2Fnormist.org\/tr%2Fkataloglar%2Fklipslerveakslar%2F||target:%20_blank|&#8221;][\/vc_hoverbox][\/vc_column][\/vc_row][vc_row][vc_column][vc_empty_space][\/vc_column][\/vc_row]<\/p>\n","protected":false},"excerpt":{"rendered":"<p>[vc_row parallax_speed=&#8221;4&#8243; parallax_x=&#8221;4&#8243; parallax_y=&#8221;4&#8243; css=&#8221;.vc_custom_1545729458595{margin-bottom: 50px !important;padding-top: 10px !important;}&#8221;][vc_column width=&#8221;1\/2&#8243;][vc_empty_space height=&#8221;20px&#8221;][vc_gallery type=&#8221;flexslider_slide&#8221; interval=&#8221;3&#8243; images=&#8221;735,823,819,820,822&#8243; img_size=&#8221;540&#215;348&#8243; onclick=&#8221;&#8221;][\/vc_column][vc_column width=&#8221;1\/2&#8243;][vc_custom_heading text=&#8221;Firma Profili&#8221; font_container=&#8221;tag:h2|font_size:24|text_align:left&#8221; use_theme_fonts=&#8221;yes&#8221;][vc_empty_space height=&#8221;10px&#8221;][vc_column_text] 1974 y\u0131l\u0131nda kurulan Nor Elektronik Sanayi ve Ticaret \u015firketi, kurulu\u015fundan bu yana y\u00fcksek teknoloji ve hassas i\u015fleme teknikleri \u00fczerine yo\u011funla\u015fm\u0131\u015f havac\u0131l\u0131k, uzay ve savunma sanayisine uzun y\u0131llar hizmet etmi\u015ftir. 2000 y\u0131l\u0131nda ise sisleme [&hellip;]<\/p>\n","protected":false},"author":1,"featured_media":0,"parent":0,"menu_order":0,"comment_status":"open","ping_status":"open","template":"templates\/page-fullwidth.php","meta":[],"_links":{"self":[{"href":"https:\/\/normist.org\/tr\/wp-json\/wp\/v2\/pages\/73"}],"collection":[{"href":"https:\/\/normist.org\/tr\/wp-json\/wp\/v2\/pages"}],"about":[{"href":"https:\/\/normist.org\/tr\/wp-json\/wp\/v2\/types\/page"}],"author":[{"embeddable":true,"href":"https:\/\/normist.org\/tr\/wp-json\/wp\/v2\/users\/1"}],"replies":[{"embeddable":true,"href":"https:\/\/normist.org\/tr\/wp-json\/wp\/v2\/comments?post=73"}],"version-history":[{"count":11,"href":"https:\/\/normist.org\/tr\/wp-json\/wp\/v2\/pages\/73\/revisions"}],"predecessor-version":[{"id":1062,"href":"https:\/\/normist.org\/tr\/wp-json\/wp\/v2\/pages\/73\/revisions\/1062"}],"wp:attachment":[{"href":"https:\/\/normist.org\/tr\/wp-json\/wp\/v2\/media?parent=73"}],"curies":[{"name":"wp","href":"https:\/\/api.w.org\/{rel}","templated":true}]}}