{"id":695,"date":"2018-11-07T10:34:38","date_gmt":"2018-11-07T07:34:38","guid":{"rendered":"http:\/\/normist.org\/tr\/?page_id=695"},"modified":"2020-12-30T17:32:47","modified_gmt":"2020-12-30T14:32:47","slug":"baglanti-elemanlari","status":"publish","type":"page","link":"https:\/\/normist.org\/tr\/baglanti-elemanlari\/","title":{"rendered":"Ba\u011flant\u0131 Elemanlar\u0131"},"content":{"rendered":"<p>[vc_row parallax_speed=&#8221;4&#8243; parallax_x=&#8221;4&#8243; parallax_y=&#8221;4&#8243; css=&#8221;.vc_custom_1545729011324{padding-top: 20px !important;}&#8221;][vc_column width=&#8221;1\/4&#8243;][vc_single_image image=&#8221;698&#8243; img_size=&#8221;full&#8221; onclick=&#8221;custom_link&#8221; img_link_target=&#8221;_blank&#8221; css_animation=&#8221;fadeIn&#8221; link=&#8221;https:\/\/normist.org\/tr\/wp-content\/uploads\/2020\/12\/naylon-borular-icin-hizli-baglantilar.pdf&#8221;][vc_custom_heading text=&#8221;Naylon Borular i\u00e7in H\u0131zl\u0131 Ba\u011flant\u0131lar&#8221; font_container=&#8221;tag:h2|font_size:18|text_align:center&#8221; use_theme_fonts=&#8221;yes&#8221; link=&#8221;url:https%3A%2F%2Fnormist.org%2Ftr%2Fwp-content%2Fuploads%2F2020%2F12%2Fnaylon-borular-icin-hizli-baglantilar.pdf||target:%20_blank|&#8221;][\/vc_column][vc_column width=&#8221;1\/4&#8243;][vc_single_image image=&#8221;699&#8243; img_size=&#8221;full&#8221; onclick=&#8221;custom_link&#8221; img_link_target=&#8221;_blank&#8221; css_animation=&#8221;fadeIn&#8221; link=&#8221;https:\/\/normist.org\/tr\/wp-content\/uploads\/2020\/12\/Normatik.pdf&#8221;][vc_custom_heading text=&#8221;Paslanmaz Borular i\u00e7in Normatic H\u0131zl\u0131 Ba\u011flant\u0131lar&#8221; font_container=&#8221;tag:h2|font_size:18|text_align:center&#8221; use_theme_fonts=&#8221;yes&#8221; link=&#8221;url:https%3A%2F%2Fnormist.org%2Ftr%2Fwp-content%2Fuploads%2F2020%2F12%2FNormatik.pdf||target:%20_blank|&#8221;][\/vc_column][vc_column width=&#8221;1\/4&#8243;][vc_single_image image=&#8221;700&#8243; img_size=&#8221;full&#8221; onclick=&#8221;custom_link&#8221; img_link_target=&#8221;_blank&#8221; css_animation=&#8221;fadeIn&#8221; link=&#8221;https:\/\/normist.org\/tr\/wp-content\/uploads\/2020\/12\/yuksek-basinc.pdf&#8221;][vc_custom_heading text=&#8221;Y\u00fcksek Bas\u0131n\u00e7 i\u00e7in 316L Paslanmaz Ba\u011flant\u0131 Elemanlar\u0131&#8221; font_container=&#8221;tag:h2|font_size:18|text_align:center&#8221; use_theme_fonts=&#8221;yes&#8221; link=&#8221;url:https%3A%2F%2Fnormist.org%2Ftr%2Fwp-content%2Fuploads%2F2020%2F12%2Fyuksek-basinc.pdf||target:%20_blank|&#8221;][\/vc_column][vc_column width=&#8221;1\/4&#8243;][vc_single_image image=&#8221;701&#8243; img_size=&#8221;full&#8221; onclick=&#8221;custom_link&#8221; img_link_target=&#8221;_blank&#8221; css_animation=&#8221;fadeIn&#8221; link=&#8221;https:\/\/normist.org\/tr\/wp-content\/uploads\/2020\/12\/303-Kalite.pdf&#8221;][vc_custom_heading text=&#8221;Paslanmaz \u00c7elik Borular i\u00e7in 303 Kalite S\u0131k\u0131\u015ft\u0131rmal\u0131 Ba\u011flant\u0131lar&#8221; font_container=&#8221;tag:h2|font_size:18|text_align:center&#8221; use_theme_fonts=&#8221;yes&#8221; link=&#8221;url:https%3A%2F%2Fnormist.org%2Ftr%2Fwp-content%2Fuploads%2F2020%2F12%2F303-Kalite.pdf||target:%20_blank|&#8221;][\/vc_column][\/vc_row][vc_row][vc_column][vc_empty_space][\/vc_column][\/vc_row][vc_row][vc_column][vc_separator border_width=&#8221;4&#8243;][\/vc_column][\/vc_row][vc_row][vc_column][vc_empty_space][\/vc_column][\/vc_row]<\/p>\n","protected":false},"excerpt":{"rendered":"<p>[vc_row parallax_speed=&#8221;4&#8243; parallax_x=&#8221;4&#8243; parallax_y=&#8221;4&#8243; css=&#8221;.vc_custom_1545729011324{padding-top: 20px !important;}&#8221;][vc_column width=&#8221;1\/4&#8243;][vc_single_image image=&#8221;698&#8243; img_size=&#8221;full&#8221; onclick=&#8221;custom_link&#8221; img_link_target=&#8221;_blank&#8221; css_animation=&#8221;fadeIn&#8221; link=&#8221;https:\/\/normist.org\/tr\/wp-content\/uploads\/2020\/12\/naylon-borular-icin-hizli-baglantilar.pdf&#8221;][vc_custom_heading text=&#8221;Naylon Borular i\u00e7in H\u0131zl\u0131 Ba\u011flant\u0131lar&#8221; font_container=&#8221;tag:h2|font_size:18|text_align:center&#8221; use_theme_fonts=&#8221;yes&#8221; link=&#8221;url:https%3A%2F%2Fnormist.org%2Ftr%2Fwp-content%2Fuploads%2F2020%2F12%2Fnaylon-borular-icin-hizli-baglantilar.pdf||target:%20_blank|&#8221;][\/vc_column][vc_column width=&#8221;1\/4&#8243;][vc_single_image image=&#8221;699&#8243; img_size=&#8221;full&#8221; onclick=&#8221;custom_link&#8221; img_link_target=&#8221;_blank&#8221; css_animation=&#8221;fadeIn&#8221; link=&#8221;https:\/\/normist.org\/tr\/wp-content\/uploads\/2020\/12\/Normatik.pdf&#8221;][vc_custom_heading text=&#8221;Paslanmaz Borular i\u00e7in Normatic H\u0131zl\u0131 Ba\u011flant\u0131lar&#8221; font_container=&#8221;tag:h2|font_size:18|text_align:center&#8221; use_theme_fonts=&#8221;yes&#8221; link=&#8221;url:https%3A%2F%2Fnormist.org%2Ftr%2Fwp-content%2Fuploads%2F2020%2F12%2FNormatik.pdf||target:%20_blank|&#8221;][\/vc_column][vc_column width=&#8221;1\/4&#8243;][vc_single_image image=&#8221;700&#8243; img_size=&#8221;full&#8221; onclick=&#8221;custom_link&#8221; img_link_target=&#8221;_blank&#8221; css_animation=&#8221;fadeIn&#8221; link=&#8221;https:\/\/normist.org\/tr\/wp-content\/uploads\/2020\/12\/yuksek-basinc.pdf&#8221;][vc_custom_heading text=&#8221;Y\u00fcksek Bas\u0131n\u00e7 i\u00e7in 316L Paslanmaz Ba\u011flant\u0131 Elemanlar\u0131&#8221; font_container=&#8221;tag:h2|font_size:18|text_align:center&#8221; use_theme_fonts=&#8221;yes&#8221; link=&#8221;url:https%3A%2F%2Fnormist.org%2Ftr%2Fwp-content%2Fuploads%2F2020%2F12%2Fyuksek-basinc.pdf||target:%20_blank|&#8221;][\/vc_column][vc_column [&hellip;]<\/p>\n","protected":false},"author":2,"featured_media":0,"parent":0,"menu_order":0,"comment_status":"closed","ping_status":"closed","template":"","meta":[],"_links":{"self":[{"href":"https:\/\/normist.org\/tr\/wp-json\/wp\/v2\/pages\/695"}],"collection":[{"href":"https:\/\/normist.org\/tr\/wp-json\/wp\/v2\/pages"}],"about":[{"href":"https:\/\/normist.org\/tr\/wp-json\/wp\/v2\/types\/page"}],"author":[{"embeddable":true,"href":"https:\/\/normist.org\/tr\/wp-json\/wp\/v2\/users\/2"}],"replies":[{"embeddable":true,"href":"https:\/\/normist.org\/tr\/wp-json\/wp\/v2\/comments?post=695"}],"version-history":[{"count":9,"href":"https:\/\/normist.org\/tr\/wp-json\/wp\/v2\/pages\/695\/revisions"}],"predecessor-version":[{"id":1163,"href":"https:\/\/normist.org\/tr\/wp-json\/wp\/v2\/pages\/695\/revisions\/1163"}],"wp:attachment":[{"href":"https:\/\/normist.org\/tr\/wp-json\/wp\/v2\/media?parent=695"}],"curies":[{"name":"wp","href":"https:\/\/api.w.org\/{rel}","templated":true}]}}