{"id":1244,"date":"2023-07-17T11:54:25","date_gmt":"2023-07-17T08:54:25","guid":{"rendered":"https:\/\/normist.org\/tr\/?page_id=1244"},"modified":"2023-07-17T12:00:42","modified_gmt":"2023-07-17T09:00:42","slug":"kurulum-yaptigimiz-seralar","status":"publish","type":"page","link":"https:\/\/normist.org\/tr\/kurulum-yaptigimiz-seralar\/","title":{"rendered":"Kurulum Yapt\u0131\u011f\u0131m\u0131z Seralar"},"content":{"rendered":"<p>[vc_row][vc_column][vc_custom_heading text=&#8221;PAK\u0130STAN&#8221; use_theme_fonts=&#8221;yes&#8221;][vc_gallery interval=&#8221;3&#8243; images=&#8221;1246,1247,1248,1249&#8243; img_size=&#8221;full&#8221;][\/vc_column][\/vc_row][vc_row][vc_column][vc_empty_space][\/vc_column][\/vc_row]<\/p>\n","protected":false},"excerpt":{"rendered":"<p>[vc_row][vc_column][vc_custom_heading text=&#8221;PAK\u0130STAN&#8221; use_theme_fonts=&#8221;yes&#8221;][vc_gallery interval=&#8221;3&#8243; images=&#8221;1246,1247,1248,1249&#8243; img_size=&#8221;full&#8221;][\/vc_column][\/vc_row][vc_row][vc_column][vc_empty_space][\/vc_column][\/vc_row]<\/p>\n","protected":false},"author":2,"featured_media":0,"parent":0,"menu_order":0,"comment_status":"closed","ping_status":"closed","template":"","meta":[],"_links":{"self":[{"href":"https:\/\/normist.org\/tr\/wp-json\/wp\/v2\/pages\/1244"}],"collection":[{"href":"https:\/\/normist.org\/tr\/wp-json\/wp\/v2\/pages"}],"about":[{"href":"https:\/\/normist.org\/tr\/wp-json\/wp\/v2\/types\/page"}],"author":[{"embeddable":true,"href":"https:\/\/normist.org\/tr\/wp-json\/wp\/v2\/users\/2"}],"replies":[{"embeddable":true,"href":"https:\/\/normist.org\/tr\/wp-json\/wp\/v2\/comments?post=1244"}],"version-history":[{"count":3,"href":"https:\/\/normist.org\/tr\/wp-json\/wp\/v2\/pages\/1244\/revisions"}],"predecessor-version":[{"id":1251,"href":"https:\/\/normist.org\/tr\/wp-json\/wp\/v2\/pages\/1244\/revisions\/1251"}],"wp:attachment":[{"href":"https:\/\/normist.org\/tr\/wp-json\/wp\/v2\/media?parent=1244"}],"curies":[{"name":"wp","href":"https:\/\/api.w.org\/{rel}","templated":true}]}}