{"id":1150,"date":"2020-09-25T12:11:02","date_gmt":"2020-09-25T09:11:02","guid":{"rendered":"https:\/\/normist.org\/tr\/?page_id=1150"},"modified":"2020-09-25T12:11:02","modified_gmt":"2020-09-25T09:11:02","slug":"cerez-politikasi","status":"publish","type":"page","link":"https:\/\/normist.org\/tr\/cerez-politikasi\/","title":{"rendered":"\u00c7EREZ POL\u0130T\u0130KASI"},"content":{"rendered":"<p>[vc_row][vc_column][vc_empty_space][vc_column_text]<strong>\u00c7EREZ POL\u0130T\u0130KASI<\/strong><\/p>\n<p>Nor Elektronik San.ve Tic.Ltd.\u015eti. olarak www.normist.org internet sitesi (\u201cSite\u201d) i\u00e7erisinde yer alan baz\u0131 alanlarda \u00e7erezler kullanmaktay\u0131z. Bu \u00c7erez Politikas\u0131 (\u201cPolitika\u201d) Nor Elektronik San.ve Tic.Ltd.\u015eti.taraf\u0131ndan y\u00f6netilen i\u015fbu Site i\u00e7in ge\u00e7erli olup \u00e7erezler; Site\u2019yi ziyaretiniz s\u0131ras\u0131nda Politika\u2019da a\u00e7\u0131klanan \u015fekilde kullan\u0131lacakt\u0131r.<\/p>\n<p><strong>\u00c7erez Nedir?<\/strong><\/p>\n<p>\u00c7erezler bir internet sitesi taraf\u0131ndan cihaz\u0131n\u0131zda olu\u015fturulan ve isim-de\u011fer format\u0131nda veri bar\u0131nd\u0131ran k\u00fc\u00e7\u00fck metin dosyalar\u0131d\u0131r. \u00c7erezler, ziyaret etti\u011finiz internet sitesinin cihaz\u0131n\u0131zda bilgi saklamas\u0131n\u0131 ve bu bilgileri sonraki ziyaretleriniz s\u0131ras\u0131nda kullanmas\u0131n\u0131 m\u00fcmk\u00fcn k\u0131lmaktad\u0131r. Bir internet sitesi taraf\u0131ndan olu\u015fturulan \u00e7erezler siteye eri\u015fim i\u00e7in kulland\u0131\u011f\u0131n\u0131z internet taray\u0131c\u0131s\u0131 taraf\u0131ndan saklanmaktad\u0131r. Bu \u00e7erezlerin i\u00e7erdi\u011fi bilgilere; sadece \u00e7erezi olu\u015fturan alan ad\u0131 (\u00f6rn. www.normist.-tr.com) alt\u0131nda sunulan internet siteleri taraf\u0131ndan ve ayn\u0131 taray\u0131c\u0131y\u0131 kulland\u0131\u011f\u0131n\u0131z takdirde uzaktan eri\u015fim m\u00fcmk\u00fcnd\u00fcr. \u00c7erezler, g\u00fcn\u00fcm\u00fczde, internet teknolojilerinin \u00f6nemli bir par\u00e7as\u0131 haline gelmi\u015ftir ve temel i\u015flevleri \u00e7evrimi\u00e7i ziyaret\u00e7inin tercihlerinin hat\u0131rlanmas\u0131 ve cihaz\u0131n tan\u0131nmas\u0131 olup neredeyse her internet sitesinde \u00e7erez kullan\u0131m\u0131 s\u00f6z konusudur.<\/p>\n<p><strong>\u00c7erezleri Kim, Nas\u0131l G\u00f6nderir?<\/strong><\/p>\n<p>\u00c7erezler, gezintiniz s\u0131ras\u0131nda cihaz\u0131n\u0131zda bulunan taray\u0131c\u0131 (Google Chrome, Safari vb. gibi) ile Normist sunucular\u0131 aras\u0131nda kurulan ileti\u015fim vas\u0131tas\u0131yla g\u00f6nderilmektedir. \u00c7erez T\u00fcrleri \u00c7erez T\u00fcr\u00fc A\u00e7\u0131klama Oturum \u00c7erezleri Oturum \u00e7erezleri, Site\u2019yi kullan\u0131m\u0131n\u0131z s\u0131ras\u0131nda ge\u00e7erli olan \u00e7erezler olup internet taray\u0131c\u0131s\u0131 kapat\u0131l\u0131ncaya kadar ge\u00e7erliliklerini korurlar. Kal\u0131c\u0131 \u00c7erezler Bu \u00e7erezler taray\u0131c\u0131n\u0131zda saklanan ve taraf\u0131n\u0131zca silininceye dek veya son kullan\u0131m tarihine kadar ge\u00e7erlili\u011fini koruyan \u00e7erezlerdir. Birinci Taraf \u00c7erezleri Site taraf\u0131ndan olu\u015fturulan ve sadece Normist taraf\u0131ndan okunabilen \u00e7erezlerdir. Bu \u00e7erezler oturum \u00e7erezleri veya kal\u0131c\u0131 \u00e7erezler olabilirler. \u00dc\u00e7\u00fcnc\u00fc Taraf \u00c7erezleri Site \u00fczerinden sunulan bir i\u00e7eri\u011fin www.normist-tr.com adresi d\u0131\u015f\u0131nda ba\u015fka alan adlar\u0131 \u00fczerinden de sa\u011flanmas\u0131 halinde, (\u00f6rne\u011fin, bir video platformunda bar\u0131nd\u0131r\u0131lan i\u00e7eri\u011fin Site \u00fczerinden g\u00f6r\u00fcnt\u00fclenmesi); her bir \u00fc\u00e7\u00fcnc\u00fc taraf alan ad\u0131n\u0131n kendine m\u00fcnhas\u0131r yaratt\u0131\u011f\u0131 \u00e7erezlerdir. Bu t\u00fcr \u00e7erezler genel olarak kal\u0131c\u0131 \u00e7erezlerden olu\u015fmaktad\u0131r.<\/p>\n<p><strong>\u00c7erezler Hangi Ama\u00e7la Kullan\u0131lmaktad\u0131r?<\/strong><\/p>\n<p>Kullan\u0131lmas\u0131 Zorunlu Olan \u00c7erezler: Bu \u00e7erezler, \u0130nternet sitesinin d\u00fczg\u00fcn bir \u015fekilde \u00e7al\u0131\u015fabilmesi, sitenin \u00f6zelliklerinden ve sunulan hizmetlerden yararlanabilmeniz i\u00e7in kullan\u0131m\u0131 mecburi olan \u00e7erezlerdir. Bu \u00e7erezler vas\u0131tas\u0131yla ki\u015fisel veriler i\u015flenmemektedir. Performans \u00c7erezleri: Bu \u00e7erezler, internet sitemizin performans\u0131n\u0131 \u00f6l\u00e7mek ve iyile\u015ftirmek i\u00e7in ziyaretleri ve trafik kaynaklar\u0131n\u0131 tespit etmemize olanak sa\u011flar. \u0130nternet sitemiz i\u00e7erisinde yer alan sayfalar\u0131n ziyaret\u00e7i say\u0131lar\u0131na ula\u015fmam\u0131za ve ziyaret\u00e7ilerimizin internet sitemizin i\u00e7erisinde hangi sayfalarda zaman ge\u00e7irdiklerini g\u00f6rmemize yard\u0131mc\u0131 olurlar. \u0130lgili \u00e7erezlerin toplad\u0131\u011f\u0131 t\u00fcm bilgiler, toplu olarak\/birlikte de\u011ferlendirildi\u011finden ki\u015fisel bilgiler i\u00e7ermez, anonimdir. Bu \u00e7erezler vas\u0131tas\u0131yla tamamen internet sitemizin daha verimli hale getirilmesi sa\u011flanmaya \u00e7al\u0131\u015f\u0131lmaktad\u0131r. \u0130\u015flevsellik \u00c7erezleri: Bu \u00e7erezler, ziyaret\u00e7ilerimizin internet sitemiz \u00fczerinde dil veya b\u00f6lge se\u00e7iminin hat\u0131rlanmas\u0131 gibi geli\u015fmi\u015f i\u015flevsellik ve ki\u015fiselle\u015ftirme imkanlar\u0131 sa\u011flamak amac\u0131yla kullan\u0131lmaktad\u0131r. \u0130lgili \u00e7erezlerin kullan\u0131m\u0131na izin vermemeniz halinde, internet sitemiz nezdindeki ki\u015fiselle\u015ftirilmi\u015f ayarlar\u0131n\u0131z\u0131n kaydedilmesi m\u00fcmk\u00fcn olmayacakt\u0131r. Hedefleme \u00c7erezleri: Bu \u00e7erezler, internet sitemizi ve \u00fc\u00e7\u00fcnc\u00fc taraflara ait alan adlar\u0131n\u0131 ziyaretiniz s\u0131ras\u0131nda olu\u015fturulan birincil ve \u00fc\u00e7\u00fcnc\u00fc taraf \u00e7erezlerdir. Bu \u00e7erezler olu\u015fturulduklar\u0131 alan adlar\u0131ndaki t\u0131klama ve ziyaret ge\u00e7mi\u015finizin takibini ve farkl\u0131 alan adlar\u0131 aras\u0131nda bu kay\u0131tlar\u0131n e\u015flenmesini m\u00fcmk\u00fcn k\u0131lmaktad\u0131r. Bu t\u00fcr \u00e7erezler kullan\u0131c\u0131lar\u0131n tan\u0131nmas\u0131 ve profillenmesi, reklam ve pazarlama faaliyetlerinin hedeflenmesi, ve i\u00e7eri\u011fin \u00f6zelle\u015ftirilmesi amac\u0131 ile kullan\u0131lmaktad\u0131r.<\/p>\n<p><strong>\u00c7erezlerin Y\u00f6netimi<\/strong><\/p>\n<p>Taray\u0131c\u0131lar genellikle \u00e7erezleri otomatik olarak kabul etmektedir. \u0130nternet sitemizi kullanabilmek i\u00e7in \u00e7erez kullan\u0131m\u0131 zorunlu de\u011fildir, fakat taray\u0131c\u0131n\u0131z\u0131 \u00e7erezleri kabul etmemeye ayarlaman\u0131z halinde kullan\u0131c\u0131 deneyiminizin kalitesi d\u00fc\u015febilir ve sitelerimizin \u00e7e\u015fitli i\u015flevleri bozulabilir. Taray\u0131c\u0131n\u0131z\u0131; \u00e7erezleri t\u00fcm siteler veya belirli siteler i\u00e7in engelleyecek \u015fekilde, \u00e7erez olu\u015fturuldu\u011funda uyar\u0131 verecek \u015fekilde, \u00fc\u00e7\u00fcnc\u00fc taraf \u00e7erezleri engelleyecek \u015fekilde veya t\u00fcm \u00e7erezleri oturum \u00e7erezi gibi sayacak \u015fekilde yap\u0131land\u0131rabilirsiniz. Ek olarak, taray\u0131c\u0131n\u0131z \u00fczerinden \u00e7erezleri silebilir veya taray\u0131c\u0131n\u0131zda saklanan \u00e7erezlerin listesini ve de\u011ferlerini g\u00f6rebilirsiniz. Taray\u0131c\u0131n\u0131z\u0131n \u00e7erez y\u00f6netimi i\u015flevleri hakk\u0131nda detayl\u0131 bilgi i\u00e7in l\u00fctfen a\u015fa\u011f\u0131daki ilgili linke t\u0131klayarak taray\u0131c\u0131n\u0131z\u0131n internet sitesinden bilgi al\u0131n\u0131z.[\/vc_column_text][vc_empty_space][\/vc_column][\/vc_row]<\/p>\n","protected":false},"excerpt":{"rendered":"<p>[vc_row][vc_column][vc_empty_space][vc_column_text]\u00c7EREZ POL\u0130T\u0130KASI Nor Elektronik San.ve Tic.Ltd.\u015eti. olarak www.normist.org internet sitesi (\u201cSite\u201d) i\u00e7erisinde yer alan baz\u0131 alanlarda \u00e7erezler kullanmaktay\u0131z. Bu \u00c7erez Politikas\u0131 (\u201cPolitika\u201d) Nor Elektronik San.ve Tic.Ltd.\u015eti.taraf\u0131ndan y\u00f6netilen i\u015fbu Site i\u00e7in ge\u00e7erli olup \u00e7erezler; Site\u2019yi ziyaretiniz s\u0131ras\u0131nda Politika\u2019da a\u00e7\u0131klanan \u015fekilde kullan\u0131lacakt\u0131r. \u00c7erez Nedir? \u00c7erezler bir internet sitesi taraf\u0131ndan cihaz\u0131n\u0131zda olu\u015fturulan ve isim-de\u011fer format\u0131nda veri bar\u0131nd\u0131ran k\u00fc\u00e7\u00fck [&hellip;]<\/p>\n","protected":false},"author":2,"featured_media":0,"parent":0,"menu_order":0,"comment_status":"closed","ping_status":"closed","template":"","meta":[],"_links":{"self":[{"href":"https:\/\/normist.org\/tr\/wp-json\/wp\/v2\/pages\/1150"}],"collection":[{"href":"https:\/\/normist.org\/tr\/wp-json\/wp\/v2\/pages"}],"about":[{"href":"https:\/\/normist.org\/tr\/wp-json\/wp\/v2\/types\/page"}],"author":[{"embeddable":true,"href":"https:\/\/normist.org\/tr\/wp-json\/wp\/v2\/users\/2"}],"replies":[{"embeddable":true,"href":"https:\/\/normist.org\/tr\/wp-json\/wp\/v2\/comments?post=1150"}],"version-history":[{"count":1,"href":"https:\/\/normist.org\/tr\/wp-json\/wp\/v2\/pages\/1150\/revisions"}],"predecessor-version":[{"id":1151,"href":"https:\/\/normist.org\/tr\/wp-json\/wp\/v2\/pages\/1150\/revisions\/1151"}],"wp:attachment":[{"href":"https:\/\/normist.org\/tr\/wp-json\/wp\/v2\/media?parent=1150"}],"curies":[{"name":"wp","href":"https:\/\/api.w.org\/{rel}","templated":true}]}}