{"id":1145,"date":"2020-09-25T12:06:16","date_gmt":"2020-09-25T09:06:16","guid":{"rendered":"https:\/\/normist.org\/tr\/?page_id=1145"},"modified":"2020-09-25T12:08:10","modified_gmt":"2020-09-25T09:08:10","slug":"kvkk","status":"publish","type":"page","link":"https:\/\/normist.org\/tr\/kvkk\/","title":{"rendered":"KVKK"},"content":{"rendered":"<p>[vc_row][vc_column][vc_empty_space][vc_column_text]<strong>K\u0130\u015e\u0130SEL VER\u0130LER\u0130N KORUNMASINA VE \u0130\u015eLENMES\u0130NE DA\u0130R<\/strong><\/p>\n<p><strong>AYDINLATMA METN\u0130<\/strong><\/p>\n<p>Nor Elektronik San.ve Tic.Ltd.\u015eti. (\u201cVeri Sorumlusu\u201d) olarak; ki\u015fisel verilerinizin gizlili\u011fi ve g\u00fcvenli\u011fine \u00f6nem verilmekte ve \u00f6zel hayat\u0131n gizlili\u011fi ba\u015fta olmak \u00fczere, Anayasa ile g\u00fcvence alt\u0131na al\u0131nan temel hak ve \u00f6zg\u00fcrl\u00fcklerin g\u00fcvence alt\u0131na al\u0131nmas\u0131 ilkeleri azami hassasiyetle g\u00f6zetilmektedir.<\/p>\n<p>6698 say\u0131l\u0131 Ki\u015fisel Verilerin Korunmas\u0131 Kanunu gere\u011fince iletmi\u015f oldu\u011funuz her t\u00fcrl\u00fc ki\u015fisel verilerinizi (ad, soyad, T.C. No, adres, do\u011fum yeri, do\u011fum tarihi vb) ve yine her t\u00fcrl\u00fc \u00f6zel nitelikli verilerinizi (sa\u011fl\u0131k bilgileri, biyometrik ve genetik bilgileri, k\u0131l\u0131k k\u0131yafet, dernek, vak\u0131f, sendika \u00fcyeli\u011fi, ceza mahkumiyeti, g\u00fcvenlik tedbirleriyle ilgili verileri, dini, etnik vb her t\u00fcrl\u00fc veriler) i\u00e7eren her t\u00fcrl\u00fc bilgi ve belge Nor Elektronik San.ve Tic.Ltd.\u015eti.. taraf\u0131ndan veri sorumlusu s\u0131fat\u0131yla ilgili kanundaki d\u00fczenlemelere uygun olarak i\u015flenebilmekte, kaydedilebilmekte, depolanabilmekte, hizmetleri devam ettirebilmek amac\u0131yla g\u00fcncellenip muhafaza edilebilmekte, \u00fc\u00e7\u00fcnc\u00fc ki\u015filere aktar\u0131labilmekte, payla\u015f\u0131labilmekte ve anonim hale getirilebilmektedir.<\/p>\n<p>Nor Elektronik San.ve Tic.Ltd.\u015eti. t\u00fcm bu kapsamda ilgili kanun ve mevzuat gere\u011fince i\u015flenen ki\u015fisel verileri korumak i\u00e7in gerekli t\u00fcm idari ve teknik tedbirleri almaktad\u0131r. 6698 Say\u0131l\u0131 Ki\u015fisel Verilerin Korunmas\u0131 Kanunu (\u201cKanun\u201d) gere\u011fince ki\u015fisel veriler, hukuka ve d\u00fcr\u00fcstl\u00fck kural\u0131na uygun olarak i\u015flenmekte, verilerin do\u011frulu\u011fu sa\u011flanmakta ve gerekti\u011finde g\u00fcncellenmektedir. Verilerin belirli, a\u00e7\u0131k ve me\u015fru ama\u00e7lar i\u00e7in i\u015flenmesine, i\u015flendikleri ama\u00e7la ba\u011flant\u0131l\u0131, s\u0131n\u0131rl\u0131 ve \u00f6l\u00e7\u00fcl\u00fc olmas\u0131na, ilgili mevzuatta \u00f6ng\u00f6r\u00fclen veya i\u015flendikleri ama\u00e7 i\u00e7in gerekli olan s\u00fcre kadar muhafaza edilmesine dikkat edilmektedir.<\/p>\n<p>\u0130\u015flenen verilerin Kanun\u2019da tan\u0131mland\u0131\u011f\u0131 \u015fekilde \u00f6zel nitelikli ki\u015fisel veri olmas\u0131 halinde; sa\u011fl\u0131k ve cinsel hayat d\u0131\u015f\u0131ndaki ki\u015fisel veriler, kanunlarda \u00f6ng\u00f6r\u00fclen h\u00e2llerde ilgili ki\u015finin a\u00e7\u0131k r\u0131zas\u0131 aranmaks\u0131z\u0131n i\u015flenebilir. Sa\u011fl\u0131k ve cinsel hayata ili\u015fkin ki\u015fisel veriler ise ancak kamu sa\u011fl\u0131\u011f\u0131n\u0131n korunmas\u0131, koruyucu hekimlik, t\u0131bb\u00ee te\u015fhis, tedavi ve bak\u0131m hizmetlerinin y\u00fcr\u00fct\u00fclmesi, sa\u011fl\u0131k hizmetleri ile finansman\u0131n\u0131n planlanmas\u0131 ve y\u00f6netimi amac\u0131yla, s\u0131r saklama y\u00fck\u00fcml\u00fcl\u00fc\u011f\u00fc alt\u0131nda bulunan ki\u015filer veya yetkili kurum ve kurulu\u015flar taraf\u0131ndan ilgilinin a\u00e7\u0131k r\u0131zas\u0131 aranmaks\u0131z\u0131n i\u015flenebilir.<\/p>\n<p><strong>Ki\u015fisel Verilerin \u0130\u015flenme Ama\u00e7lar\u0131 ve Hukuki Sebepleri\u00a0<\/strong><\/p>\n<p>Ki\u015fisel verileriniz gerekli s\u00fcre\u00e7lerde kullan\u0131lmak \u00fczere, t\u00fcm bilgi ve belgeler, ilgili t\u00fcm kanun ve y\u00f6netmelikler gere\u011fince faaliyetlerimizin yerine getirilmesi, s\u00fcrd\u00fcr\u00fclmesi, y\u00fcr\u00fct\u00fclmesi, geli\u015ftirilmesi, ticari verilerin korunabilmesi ve denetlenebilmesi, hizmet ve faaliyetlere y\u00f6nelik davet, tan\u0131t\u0131m, kampanya ve benzeri faaliyetlerin yap\u0131lmas\u0131, yeni uygulamalar\u0131n bildirilmesi, tanzim edilen veya edilecek s\u00f6zle\u015fmelerin gere\u011finin yerine getirilmesi, planlama, istatistik, memnuniyet anketlerinin yap\u0131lmas\u0131, g\u00fcvenli\u011fin sa\u011flanmas\u0131, elektronik ortamda yer alan e-postalar, e-b\u00fclten \u00fcyelikleri, sosyal medya payla\u015f\u0131mlar\u0131, d\u00fczenlenen etkinliklerde doldurulan bas\u0131l\u0131 formlar, \u00e7al\u0131\u015fan adaylarla y\u00fcz y\u00fcze yap\u0131lan m\u00fclakatlar s\u0131ras\u0131nda veya yaz\u0131l\u0131 ba\u015fvuru formu, elektronik ortamda dijital ba\u015fvuru formu g\u00f6nderilmesi veya e-posta, kargo ve benzeri y\u00f6ntemlerle \u00f6zge\u00e7mi\u015f g\u00f6nderilmesi halinde veya dan\u0131\u015fmanl\u0131k firmalar\u0131 arac\u0131l\u0131\u011f\u0131yla ve aday\u0131n iletti\u011fi bilgilerin teyidini sa\u011flayan kontrol ve ara\u015ft\u0131rmalar sebebiyle i\u015fe al\u0131m s\u00fcre\u00e7lerinde toplanan ki\u015fisel veriler ile i\u015fin niteli\u011fine g\u00f6re toplanan \u00f6zel nitelikli ki\u015fisel verileri i\u015f ili\u015fkisi i\u00e7erisinde olunan ki\u015filerin hukuki ve ticari g\u00fcvenli\u011finin idamesi, hukuki ve mali i\u015fler ve benzeri ticaret ve i\u015f stratejilerinin belirlenmesi, uygulanmas\u0131, insan kaynaklar\u0131, muhasebe politikalar\u0131n\u0131n y\u00fcr\u00fct\u00fclmesi, fiziksel g\u00fcvenlik ve denetimin sa\u011flanmas\u0131, yurt i\u00e7i ve uluslar aras\u0131 mevzuata uyum, kamu kurulu\u015flar\u0131nca veya di\u011fer otoritelerce istenen bilgi aktar\u0131m\u0131, saklama, raporlama y\u00fck\u00fcml\u00fcl\u00fcklerine uyulmas\u0131, taraf\u0131n\u0131za daha iyi ve daha g\u00fcvenilir hizmet verilebilmesi ve kesintisiz s\u00fcrd\u00fcr\u00fclebilmesi i\u00e7in Kanun\u2019un 5. ve 6. maddelerinde belirlenen \u015fartlar ve ama\u00e7lar dahilinde i\u015flenmektedir.<\/p>\n<p><strong>Ki\u015fisel Verilerin Muhafaza Edilme S\u00fcresi<\/strong><\/p>\n<p>Nor Elektronik San.ve Tic.Ltd.\u015eti.. ki\u015fisel verileri ancak ilgili mevzuatta belirtildi\u011fi veya i\u015flendikleri ama\u00e7 i\u00e7in gerekli olan s\u00fcre kadar muhafaza etmektedir. Bu kapsamda, \u00f6ncelikle ilgili mevzuatta ki\u015fisel verilerin saklanmas\u0131 i\u00e7in bir s\u00fcre \u00f6ng\u00f6r\u00fcl\u00fcp \u00f6ng\u00f6r\u00fclmedi\u011fini tespit etmekte, bir s\u00fcre belirlenmi\u015fse bu s\u00fcreye uygun davranmakta, bir s\u00fcre belirlenmemi\u015fse ki\u015fisel verileri i\u015flendikleri ama\u00e7 i\u00e7in gerekli olan s\u00fcre kadar saklamaktad\u0131r.<\/p>\n<p>S\u00fcrenin bitimi veya i\u015flenmesini gerektiren sebeplerin ortadan kalkmas\u0131 halinde ki\u015fisel veriler silinmekte, yok edilmekte veya anonim hale getirilmektedir.<\/p>\n<p><strong>Ki\u015fisel Verilerin Toplanma Y\u00f6ntemi<\/strong><\/p>\n<p>Ki\u015fisel verileriniz, otomatik ya da otomatik olmayan y\u00f6ntemlerle, internet sitemiz, sosyal medya mecralar\u0131m\u0131z, i\u015f ili\u015fkisi i\u00e7erisinde oldu\u011fumuz ve\/veya faaliyetlerimizin tamamlay\u0131c\u0131s\u0131 niteli\u011finde hizmet ald\u0131\u011f\u0131m\u0131z taraflar, anla\u015fmal\u0131 kurulu\u015flar ve benzeri di\u011fer kanallar arac\u0131l\u0131\u011f\u0131 ile s\u00f6zl\u00fc, yaz\u0131l\u0131 ya da elektronik olarak toplanabilmektedir.<\/p>\n<p><strong>Ki\u015fisel Verilerin Aktar\u0131lmas\u0131<\/strong><\/p>\n<p>Ki\u015fisel verileriniz, Nor Elektronik San.ve Tic.Ltd.\u015eti. faaliyetleri \u00e7er\u00e7evesinde ama\u00e7lar\u0131n yerine getirilmesi, strateji belirlenmesi ve uygulanmas\u0131, insan kaynaklar\u0131 politikalar\u0131n\u0131n y\u00fcr\u00fct\u00fclmesinin temini i\u00e7in, \u015firket g\u00f6revlileri, \u00a0hissedarlar\u0131, \u00e7al\u0131\u015fanlar\u0131, i\u015f ortaklar\u0131, hizmet al\u0131nan ki\u015fi veya \u00fc\u00e7\u00fcnc\u00fc ki\u015filer, hukuk, mali ve vergi dan\u0131\u015fmanlar\u0131 ile di\u011fer dan\u0131\u015fmanlar, denet\u00e7iler, kurulu\u015f veya \u015fah\u0131slar, SGK gibi otoriteler, bakanl\u0131klar, yarg\u0131 mercileri gibi kanunen yetkili \u00a0k\u0131l\u0131nan t\u00fcm kamu kurum ve kurulu\u015flar\u0131 ve\/veya yurt d\u0131\u015f\u0131na Kanun\u2019un 8. ve 9. maddelerinde say\u0131lan \u015fartlar ve ama\u00e7lar \u00e7er\u00e7evesinde aktar\u0131labilecektir. Ki\u015fisel verilerin yurt d\u0131\u015f\u0131na aktar\u0131lmas\u0131n\u0131n gerekmesi halinde, ki\u015fisel verinin aktar\u0131laca\u011f\u0131 yabanc\u0131 \u00fclkede yeterli koruman\u0131n bulunmas\u0131 gerekli olup, yeterli koruman\u0131n bulunmamas\u0131 durumunda T\u00fcrkiye\u2019deki ve ilgili yabanc\u0131 \u00fclkedeki veri sorumlular\u0131n\u0131n yeterli bir korumay\u0131 yaz\u0131l\u0131 olarak taahh\u00fct etmeleri ve Ki\u015fisel Verileri Koruma Kurumu\u2019nun izninin bulunmas\u0131 hususlar\u0131na riayet edilecektir.<\/p>\n<p><strong>Ki\u015fisel Veri Sahibinin Kanun\u2019un 11. Maddesi Gere\u011fince Haklar\u0131<\/strong><\/p>\n<p>Ki\u015fisel veri sahibi olarak, Nor Elektronik San.ve Tic.Ltd.\u015eti..\u2019 den a\u015fa\u011f\u0131da say\u0131lan hususlar\u0131 talep etme hakk\u0131n\u0131z mevcuttur.<\/p>\n<ol>\n<li>Ki\u015fisel veri i\u015flenip i\u015flenmedi\u011fini \u00f6\u011frenme,<\/li>\n<li>Ki\u015fisel veriler i\u015flenmi\u015fse buna ili\u015fkin bilgi talep etme,<\/li>\n<li>Ki\u015fisel verilerin i\u015flenme amac\u0131n\u0131 ve bunlar\u0131n amac\u0131na uygun kullan\u0131l\u0131p kullan\u0131lmad\u0131\u011f\u0131n\u0131 \u00f6\u011frenme,<\/li>\n<li>Yurt i\u00e7inde veya yurt d\u0131\u015f\u0131nda ki\u015fisel verilerin aktar\u0131ld\u0131\u011f\u0131 \u00fc\u00e7\u00fcnc\u00fc ki\u015fileri bilme,<\/li>\n<li>Ki\u015fisel verilerin eksik veya yanl\u0131\u015f i\u015flenmi\u015f olmas\u0131 h\u00e2linde bunlar\u0131n d\u00fczeltilmesini isteme,<\/li>\n<li>Ki\u015fisel verilerin eksik veya yanl\u0131\u015f i\u015flenmi\u015f olmas\u0131 h\u00e2linde bunlar\u0131n d\u00fczeltilmesini isteme ve bu kapsamda yap\u0131lan i\u015flemin ki\u015fisel verilerin aktar\u0131ld\u0131\u011f\u0131 \u00fc\u00e7\u00fcnc\u00fc ki\u015filere bildirilmesini isteme,<\/li>\n<li>Kanun ve ilgili di\u011fer kanun h\u00fck\u00fcmlerine uygun olarak i\u015flenmi\u015f olmas\u0131na ra\u011fmen, i\u015flenmesini gerektiren sebeplerin ortadan kalkmas\u0131 h\u00e2linde ki\u015fisel verilerin silinmesini veya yok edilmesini isteme ve bu kapsamda yap\u0131lan i\u015flemin ki\u015fisel verilerin aktar\u0131ld\u0131\u011f\u0131 \u00fc\u00e7\u00fcnc\u00fc ki\u015filere bildirilmesini isteme,<\/li>\n<li>\u0130\u015flenen verilerin m\u00fcnhas\u0131ran otomatik sistemler vas\u0131tas\u0131yla analiz edilmesi suretiyle ki\u015finin kendisi aleyhine bir sonucun ortaya \u00e7\u0131kmas\u0131na itiraz etme,<\/li>\n<li>Ki\u015fisel verilerin kanuna ayk\u0131r\u0131 olarak i\u015flenmesi sebebiyle zarara u\u011framas\u0131 h\u00e2linde zarar\u0131n giderilmesini talep etme.<\/li>\n<\/ol>\n<p>Payla\u015ft\u0131\u011f\u0131n\u0131z bilgilerin\/verilerin do\u011fru olmas\u0131, do\u011fru olarak aktar\u0131lm\u0131\u015f olmas\u0131 \u00f6nemli olup, bu husus Kanun kapsam\u0131nda veri \u00fczerinde sahip oldu\u011funuz haklar\u0131n\u0131z\u0131 kullanabilmeniz i\u00e7in gereklidir ve yanl\u0131\u015f ya da hatal\u0131 bilgi verilmesinden do\u011facak sorumluluk size aittir. Taleplerinizin yerine getirilebilmesi i\u00e7in yapaca\u011f\u0131m\u0131z masraflar\u0131, Kanun\u2019un Veri Sorumlusuna Ba\u015fvuru ba\u015fl\u0131kl\u0131 13. maddesinde d\u00fczenlenen tarifeye g\u00f6re sizden talep etme hakk\u0131m\u0131z sakl\u0131 tutulmu\u015ftur.<\/p>\n<p><strong>Kanun Gere\u011fince Ki\u015fisel Verilerin, \u0130lgili Ki\u015finin A\u00e7\u0131k R\u0131zas\u0131 Aranmaks\u0131z\u0131n \u0130\u015flenebilece\u011fi Durumlar<\/strong><\/p>\n<ol>\n<li>Kanunlarda a\u00e7\u0131k\u00e7a \u00f6ng\u00f6r\u00fclmesi<\/li>\n<li>Fiili imk\u00e2ns\u0131zl\u0131k nedeniyle r\u0131zas\u0131n\u0131 a\u00e7\u0131klayamayacak durumda bulunan veya r\u0131zas\u0131na hukuki ge\u00e7erlilik tan\u0131nmayan ki\u015finin kendisinin ya da bir ba\u015fkas\u0131n\u0131n hayat\u0131 veya beden b\u00fct\u00fcnl\u00fc\u011f\u00fcn\u00fcn korunmas\u0131 i\u00e7in zorunlu olmas\u0131<\/li>\n<li>Bir s\u00f6zle\u015fmenin kurulmas\u0131 veya ifas\u0131yla do\u011frudan do\u011fruya ilgili olmas\u0131 kayd\u0131yla, s\u00f6zle\u015fmenin taraflar\u0131na ait ki\u015fisel verilerin i\u015flenmesinin gerekli olmas\u0131<\/li>\n<li>Veri sorumlusunun hukuki y\u00fck\u00fcml\u00fcl\u00fc\u011f\u00fcn\u00fc yerine getirebilmesi i\u00e7in zorunlu olmas\u0131<\/li>\n<li>\u0130lgili ki\u015finin kendisi taraf\u0131ndan alenile\u015ftirilmi\u015f olmas\u0131<\/li>\n<li>Bir hakk\u0131n tesisi, kullan\u0131lmas\u0131 veya korunmas\u0131 i\u00e7in veri i\u015flemenin zorunlu olmas\u0131<\/li>\n<li>\u0130lgili ki\u015finin temel hak ve \u00f6zg\u00fcrl\u00fcklerine zarar vermemek kayd\u0131yla, veri sorumlusunun me\u015fru menfaatleri i\u00e7in veri i\u015flenmesinin zorunlu olmas\u0131.<\/li>\n<\/ol>\n<p><strong>Ki\u015fisel Verilerin Korunmas\u0131 ve \u0130\u015flenmesi ile \u0130lgili Kanun\u2019da Belirlenmi\u015f \u0130lkeler<\/strong><\/p>\n<p>Nor Elektronik San.ve Tic.Ltd.\u015eti. \u00a0ki\u015fisel verilerin korunmas\u0131 ve i\u015flenmesiyle ilgili olarak, Anayasa\u2019ya, Kanun\u2019da yer alan genel ilkelere ve ilgili di\u011fer mevzuatlara uygun olarak hareket etmekte olup; ayr\u0131ca a\u015fa\u011f\u0131daki ilkelere de b\u00fcy\u00fck \u00f6nem ve titizlikle riayet etmektedir:<\/p>\n<ol>\n<li>Ki\u015fisel veri i\u015fleme faaliyetlerinin hukuka ve d\u00fcr\u00fcstl\u00fck kural\u0131na uygun olmas\u0131<\/li>\n<li>Ki\u015fisel verilerin do\u011fru ve gerekti\u011finde g\u00fcncel olmas\u0131n\u0131n sa\u011flanmas\u0131<\/li>\n<li>Ki\u015fisel verilerin belirli, a\u00e7\u0131k ve me\u015fru ama\u00e7larla i\u015flenmesi<\/li>\n<li>\u0130\u015flendikleri ama\u00e7la ba\u011flant\u0131l\u0131, s\u0131n\u0131rl\u0131 ve \u00f6l\u00e7\u00fcl\u00fc olmas\u0131<\/li>\n<li>\u0130lgili mevzuatta \u00f6ng\u00f6r\u00fclen veya i\u015flendikleri ama\u00e7 i\u00e7in gerekli olan s\u00fcre kadar muhafaza edilmesi<\/li>\n<\/ol>\n<p><strong>Ki\u015fisel Veri Sahiplerinin Haklar\u0131n\u0131 Kullanma Y\u00f6ntemleri\/ Ba\u015fvuru \u015eekli<\/strong><\/p>\n<p>Yukar\u0131da E. maddesinde belirtilen hususlarda bilgi talep etmeniz halinde yaz\u0131l\u0131 talebinizi Esen\u015fehir Mah. \u0130lkyaz Sok. No: 85\/1 34776 Dudullu -\u00dcmraniye \/ \u0130stanbul adresine \u0131slak imzal\u0131 olarak veya info@normist-tr.com adresine g\u00fcvenli elektronik imza ile imzalanm\u0131\u015f olarak iletebilirsiniz. Taraf\u0131m\u0131za yaz\u0131l\u0131 olarak ba\u015fvurunuzdan itibaren en ge\u00e7 otuz g\u00fcn i\u00e7erisinde ba\u015fvurunuz cevapland\u0131r\u0131lacakt\u0131r. \u0130\u015flem, ayr\u0131ca bir maliyet gerektiriyorsa, Ki\u015fisel Verileri Koruma Kurumu taraf\u0131ndan belirlenen tarifedeki \u00fccretleri talep hakk\u0131m\u0131z sakl\u0131d\u0131r.<\/p>\n<p>[\/vc_column_text][vc_empty_space][\/vc_column][\/vc_row]<\/p>\n","protected":false},"excerpt":{"rendered":"<p>[vc_row][vc_column][vc_empty_space][vc_column_text]K\u0130\u015e\u0130SEL VER\u0130LER\u0130N KORUNMASINA VE \u0130\u015eLENMES\u0130NE DA\u0130R AYDINLATMA METN\u0130 Nor Elektronik San.ve Tic.Ltd.\u015eti. (\u201cVeri Sorumlusu\u201d) olarak; ki\u015fisel verilerinizin gizlili\u011fi ve g\u00fcvenli\u011fine \u00f6nem verilmekte ve \u00f6zel hayat\u0131n gizlili\u011fi ba\u015fta olmak \u00fczere, Anayasa ile g\u00fcvence alt\u0131na al\u0131nan temel hak ve \u00f6zg\u00fcrl\u00fcklerin g\u00fcvence alt\u0131na al\u0131nmas\u0131 ilkeleri azami hassasiyetle g\u00f6zetilmektedir. 6698 say\u0131l\u0131 Ki\u015fisel Verilerin Korunmas\u0131 Kanunu gere\u011fince iletmi\u015f oldu\u011funuz her [&hellip;]<\/p>\n","protected":false},"author":2,"featured_media":0,"parent":0,"menu_order":0,"comment_status":"closed","ping_status":"closed","template":"","meta":[],"_links":{"self":[{"href":"https:\/\/normist.org\/tr\/wp-json\/wp\/v2\/pages\/1145"}],"collection":[{"href":"https:\/\/normist.org\/tr\/wp-json\/wp\/v2\/pages"}],"about":[{"href":"https:\/\/normist.org\/tr\/wp-json\/wp\/v2\/types\/page"}],"author":[{"embeddable":true,"href":"https:\/\/normist.org\/tr\/wp-json\/wp\/v2\/users\/2"}],"replies":[{"embeddable":true,"href":"https:\/\/normist.org\/tr\/wp-json\/wp\/v2\/comments?post=1145"}],"version-history":[{"count":2,"href":"https:\/\/normist.org\/tr\/wp-json\/wp\/v2\/pages\/1145\/revisions"}],"predecessor-version":[{"id":1149,"href":"https:\/\/normist.org\/tr\/wp-json\/wp\/v2\/pages\/1145\/revisions\/1149"}],"wp:attachment":[{"href":"https:\/\/normist.org\/tr\/wp-json\/wp\/v2\/media?parent=1145"}],"curies":[{"name":"wp","href":"https:\/\/api.w.org\/{rel}","templated":true}]}}