{"id":1075,"date":"2018-12-27T10:58:22","date_gmt":"2018-12-27T07:58:22","guid":{"rendered":"http:\/\/normist.org\/tr\/?page_id=1075"},"modified":"2018-12-27T11:02:45","modified_gmt":"2018-12-27T08:02:45","slug":"otomatik-meme-deligi-olcme-sistemleri","status":"publish","type":"page","link":"https:\/\/normist.org\/tr\/otomatik-meme-deligi-olcme-sistemleri\/","title":{"rendered":"Otomatik meme deli\u011fi \u00f6l\u00e7me sistemleri"},"content":{"rendered":"<p>[vc_row parallax_speed=&#8221;4&#8243; parallax_x=&#8221;4&#8243; parallax_y=&#8221;4&#8243; css=&#8221;.vc_custom_1545900488579{padding-top: 150px !important;}&#8221;][vc_column][vc_raw_html]JTVCdmlkZW9qc192aWRlbyUyMHVybCUzRCUyMmh0dHAlM0ElMkYlMkZub3JtaXN0Lm9yZyUyRnRyJTJGZmlsbWxlciUyRm90b21hdGlrb2xjdW10ci5tcDQlMjIlNUQ=[\/vc_raw_html][\/vc_column][\/vc_row][vc_row][vc_column][vc_empty_space height=&#8221;50px&#8221;][\/vc_column][\/vc_row]<\/p>\n","protected":false},"excerpt":{"rendered":"<p>[vc_row parallax_speed=&#8221;4&#8243; parallax_x=&#8221;4&#8243; parallax_y=&#8221;4&#8243; css=&#8221;.vc_custom_1545900488579{padding-top: 150px !important;}&#8221;][vc_column][vc_raw_html]JTVCdmlkZW9qc192aWRlbyUyMHVybCUzRCUyMmh0dHAlM0ElMkYlMkZub3JtaXN0Lm9yZyUyRnRyJTJGZmlsbWxlciUyRm90b21hdGlrb2xjdW10ci5tcDQlMjIlNUQ=[\/vc_raw_html][\/vc_column][\/vc_row][vc_row][vc_column][vc_empty_space height=&#8221;50px&#8221;][\/vc_column][\/vc_row]<\/p>\n","protected":false},"author":2,"featured_media":0,"parent":0,"menu_order":0,"comment_status":"closed","ping_status":"closed","template":"","meta":[],"_links":{"self":[{"href":"https:\/\/normist.org\/tr\/wp-json\/wp\/v2\/pages\/1075"}],"collection":[{"href":"https:\/\/normist.org\/tr\/wp-json\/wp\/v2\/pages"}],"about":[{"href":"https:\/\/normist.org\/tr\/wp-json\/wp\/v2\/types\/page"}],"author":[{"embeddable":true,"href":"https:\/\/normist.org\/tr\/wp-json\/wp\/v2\/users\/2"}],"replies":[{"embeddable":true,"href":"https:\/\/normist.org\/tr\/wp-json\/wp\/v2\/comments?post=1075"}],"version-history":[{"count":4,"href":"https:\/\/normist.org\/tr\/wp-json\/wp\/v2\/pages\/1075\/revisions"}],"predecessor-version":[{"id":1081,"href":"https:\/\/normist.org\/tr\/wp-json\/wp\/v2\/pages\/1075\/revisions\/1081"}],"wp:attachment":[{"href":"https:\/\/normist.org\/tr\/wp-json\/wp\/v2\/media?parent=1075"}],"curies":[{"name":"wp","href":"https:\/\/api.w.org\/{rel}","templated":true}]}}